{"id":15728,"date":"2024-08-09T13:52:54","date_gmt":"2024-08-09T11:52:54","guid":{"rendered":"https:\/\/keptrust.org\/?page_id=15728"},"modified":"2025-01-15T09:25:43","modified_gmt":"2025-01-15T09:25:43","slug":"o-nama","status":"publish","type":"page","link":"https:\/\/keptrust.org\/sr\/o-nama\/","title":{"rendered":"O nama"},"content":{"rendered":"\n<p>KEP Trust je osnovan 1999. godine od strane \u201eICMC \u2013 Me\u0111unarodna katoli\u010dka komisija za migracije\u201c, \u017deneva i \u201eKluba privrednika Prizrena\u201c. Danas je vode\u0107a institucija u sektoru mikrofinansiranja na Kosovu koja svojim klijentima nudi \u0161irok spektar finansijskih proizvoda i usluga.<\/p>\n\n\n\n<p>Ispunjavanje finansijskih ciljeva klijenata i izgradnja trajnih odnosa s njima nalaze se u sredi\u0161tu aspiracija KEP Trust-a. Na ovaj na\u010din, KEP direktno doprinosi otvaranju radnih mesta, pru\u017eaju\u0107i veliki podsticaj razvoju ukupne ekonomije zemlje.<\/p>\n\n\n\n<p>Pored glavne kancelarije u Pri\u0161tini, KEP Trust je razvio mre\u017eu od 31 moderne filijale \u0161irom zemlje, \u010dine\u0107i svoje usluge \u0161to dostupnijim gra\u0111anima Kosova. Misija KEP Trust-a je unapre\u0111enje \u017eivotnog standarda i podr\u0161ka ekonomskom razvoju zemlje kroz pru\u017eanje finansijskih usluga pojedincima i preduze\u0107ima.<\/p>\n\n\n\n<p>KEP je registrovan kod Kosovske bankarske i platne uprave (sada Centralna banka Kosova) od 2000. godine i od tada funkcioni\u0161e kao lokalna mikrofinansijska institucija.<\/p>\n","protected":false},"excerpt":{"rendered":"<p>KEP Trust je osnovan 1999. godine od strane \u201eICMC \u2013 Me\u0111unarodna katoli\u010dka komisija za migracije\u201c, \u017deneva i \u201eKluba privrednika Prizrena\u201c. Danas je vode\u0107a institucija u sektoru mikrofinansiranja na Kosovu koja svojim klijentima nudi \u0161irok spektar finansijskih proizvoda i usluga. Ispunjavanje finansijskih ciljeva klijenata i izgradnja trajnih odnosa s njima nalaze se u sredi\u0161tu aspiracija KEP [&hellip;]<\/p>\n","protected":false},"author":4,"featured_media":0,"parent":0,"menu_order":0,"comment_status":"closed","ping_status":"closed","template":"","meta":{"_acf_changed":false,"footnotes":""},"class_list":["post-15728","page","type-page","status-publish","hentry"],"acf":[],"aioseo_notices":[],"_links":{"self":[{"href":"https:\/\/keptrust.org\/sr\/wp-json\/wp\/v2\/pages\/15728","targetHints":{"allow":["GET"]}}],"collection":[{"href":"https:\/\/keptrust.org\/sr\/wp-json\/wp\/v2\/pages"}],"about":[{"href":"https:\/\/keptrust.org\/sr\/wp-json\/wp\/v2\/types\/page"}],"author":[{"embeddable":true,"href":"https:\/\/keptrust.org\/sr\/wp-json\/wp\/v2\/users\/4"}],"replies":[{"embeddable":true,"href":"https:\/\/keptrust.org\/sr\/wp-json\/wp\/v2\/comments?post=15728"}],"version-history":[{"count":3,"href":"https:\/\/keptrust.org\/sr\/wp-json\/wp\/v2\/pages\/15728\/revisions"}],"predecessor-version":[{"id":15931,"href":"https:\/\/keptrust.org\/sr\/wp-json\/wp\/v2\/pages\/15728\/revisions\/15931"}],"wp:attachment":[{"href":"https:\/\/keptrust.org\/sr\/wp-json\/wp\/v2\/media?parent=15728"}],"curies":[{"name":"wp","href":"https:\/\/api.w.org\/{rel}","templated":true}]}}