{"id":15730,"date":"2024-09-13T14:15:18","date_gmt":"2024-09-13T14:15:18","guid":{"rendered":"https:\/\/keptrust.org\/o-nama\/csr\/"},"modified":"2025-01-08T09:15:54","modified_gmt":"2025-01-08T09:15:54","slug":"csr","status":"publish","type":"page","link":"https:\/\/keptrust.org\/sr\/o-nama\/csr\/","title":{"rendered":"CSR"},"content":{"rendered":"\n<p>KEP posve\u0107uje posebnu pa\u017enju analizi kreditnih slu\u010dajeva kako bi efekti investicija kroz njih bili u skladu sa okru\u017eenjem u kojem \u017eivimo i delujemo.<\/p>\n\n<p>Pored toga, od po\u010detka svog poslovanja, KEP je preduzeo konkretne korake u podr\u0161ci razli\u010ditim inicijativama koje su doprinele pobolj\u0161anju \u017eivota odre\u0111enih grupa i gra\u0111ana Kosova uop\u0161te.<\/p>\n\n<p>Sport na nacionalnom nivou je jedno od podru\u010dja u kojem KEP podr\u017eava razli\u010dite inicijative. U tom pravcu, vredno je pomenuti kontinuiranu podr\u0161ku Federaciji rukometa Kosova u razvoju i organizaciji utakmica reprezentacije, kako unutar tako i van granica Kosova.<\/p>\n\n<p>S druge strane, finansijska podr\u0161ka grupama i osobama u potrebi predstavlja jo\u0161 jednu oblast gde KEP, kroz inicijative i odre\u0111ene zahteve, izdvaja finansijska sredstva koja poma\u017eu u ubla\u017eavanju te\u0161ke situacije ovih grupa.<\/p>\n\n<p>Pored sporta i pomo\u0107i pru\u017eene organizacijama ili pojedincima u potrebi, na\u0161a institucija tako\u0111e podr\u017eava kulturne inicijative \u0161irom Kosova.<\/p>\n\n<p><\/p>\n","protected":false},"excerpt":{"rendered":"<p>KEP posve\u0107uje posebnu pa\u017enju analizi kreditnih slu\u010dajeva kako bi efekti investicija kroz njih bili u skladu sa okru\u017eenjem u kojem \u017eivimo i delujemo. Pored toga, od po\u010detka svog poslovanja, KEP je preduzeo konkretne korake u podr\u0161ci razli\u010ditim inicijativama koje su doprinele pobolj\u0161anju \u017eivota odre\u0111enih grupa i gra\u0111ana Kosova uop\u0161te. Sport na nacionalnom nivou je jedno [&hellip;]<\/p>\n","protected":false},"author":1,"featured_media":0,"parent":15728,"menu_order":0,"comment_status":"closed","ping_status":"closed","template":"","meta":{"_acf_changed":false,"footnotes":""},"class_list":["post-15730","page","type-page","status-publish","hentry"],"acf":[],"aioseo_notices":[],"_links":{"self":[{"href":"https:\/\/keptrust.org\/sr\/wp-json\/wp\/v2\/pages\/15730","targetHints":{"allow":["GET"]}}],"collection":[{"href":"https:\/\/keptrust.org\/sr\/wp-json\/wp\/v2\/pages"}],"about":[{"href":"https:\/\/keptrust.org\/sr\/wp-json\/wp\/v2\/types\/page"}],"author":[{"embeddable":true,"href":"https:\/\/keptrust.org\/sr\/wp-json\/wp\/v2\/users\/1"}],"replies":[{"embeddable":true,"href":"https:\/\/keptrust.org\/sr\/wp-json\/wp\/v2\/comments?post=15730"}],"version-history":[{"count":1,"href":"https:\/\/keptrust.org\/sr\/wp-json\/wp\/v2\/pages\/15730\/revisions"}],"predecessor-version":[{"id":15731,"href":"https:\/\/keptrust.org\/sr\/wp-json\/wp\/v2\/pages\/15730\/revisions\/15731"}],"up":[{"embeddable":true,"href":"https:\/\/keptrust.org\/sr\/wp-json\/wp\/v2\/pages\/15728"}],"wp:attachment":[{"href":"https:\/\/keptrust.org\/sr\/wp-json\/wp\/v2\/media?parent=15730"}],"curies":[{"name":"wp","href":"https:\/\/api.w.org\/{rel}","templated":true}]}}