{"id":17801,"date":"2025-03-04T14:50:12","date_gmt":"2025-03-04T14:50:12","guid":{"rendered":"https:\/\/keptrust.org\/?page_id=17801"},"modified":"2025-03-05T08:12:43","modified_gmt":"2025-03-05T08:12:43","slug":"izvestaji-o-upravljanju-zivotnom-sredinom-i-drustvenom-upravljanju","status":"publish","type":"page","link":"https:\/\/keptrust.org\/sr\/izvestaji-o-upravljanju-zivotnom-sredinom-i-drustvenom-upravljanju\/","title":{"rendered":"Izve\u0161taji o upravljanju \u017eivotnom sredinom i dru\u0161tvenom upravljanju"},"content":{"rendered":"\n<div class=\"wp-block-file\"><a id=\"wp-block-file--media-3245e302-7fd2-4cbf-afb6-f7a1a62a67af\" href=\"https:\/\/keptrust.org\/wp-content\/uploads\/2025\/03\/KEP-Trust-2023-Greenhouse-gas-invertory-report.pdf\" target=\"_blank\" rel=\"noreferrer noopener\">KEP Trust 2023 Greenhouse gas invertory report<\/a><a href=\"https:\/\/keptrust.org\/wp-content\/uploads\/2025\/03\/KEP-Trust-2023-Greenhouse-gas-invertory-report.pdf\" class=\"wp-block-file__button wp-element-button\" download aria-describedby=\"wp-block-file--media-3245e302-7fd2-4cbf-afb6-f7a1a62a67af\">Preuzmi<\/a><\/div>\n\n\n\n<div class=\"wp-block-file\"><a id=\"wp-block-file--media-4a1b0422-38ad-4864-90e0-11b8ba80102c\" href=\"https:\/\/keptrust.org\/wp-content\/uploads\/2025\/03\/Sustainability-Report-2023.pdf\" target=\"_blank\" rel=\"noreferrer noopener\">Sustainability Report 2023<\/a><a href=\"https:\/\/keptrust.org\/wp-content\/uploads\/2025\/03\/Sustainability-Report-2023.pdf\" class=\"wp-block-file__button wp-element-button\" download aria-describedby=\"wp-block-file--media-4a1b0422-38ad-4864-90e0-11b8ba80102c\">Preuzmi<\/a><\/div>\n\n\n\n<p><\/p>\n","protected":false},"excerpt":{"rendered":"","protected":false},"author":1,"featured_media":0,"parent":0,"menu_order":0,"comment_status":"closed","ping_status":"closed","template":"","meta":{"_acf_changed":false,"footnotes":""},"class_list":["post-17801","page","type-page","status-publish","hentry"],"acf":[],"aioseo_notices":[],"_links":{"self":[{"href":"https:\/\/keptrust.org\/sr\/wp-json\/wp\/v2\/pages\/17801","targetHints":{"allow":["GET"]}}],"collection":[{"href":"https:\/\/keptrust.org\/sr\/wp-json\/wp\/v2\/pages"}],"about":[{"href":"https:\/\/keptrust.org\/sr\/wp-json\/wp\/v2\/types\/page"}],"author":[{"embeddable":true,"href":"https:\/\/keptrust.org\/sr\/wp-json\/wp\/v2\/users\/1"}],"replies":[{"embeddable":true,"href":"https:\/\/keptrust.org\/sr\/wp-json\/wp\/v2\/comments?post=17801"}],"version-history":[{"count":2,"href":"https:\/\/keptrust.org\/sr\/wp-json\/wp\/v2\/pages\/17801\/revisions"}],"predecessor-version":[{"id":17804,"href":"https:\/\/keptrust.org\/sr\/wp-json\/wp\/v2\/pages\/17801\/revisions\/17804"}],"wp:attachment":[{"href":"https:\/\/keptrust.org\/sr\/wp-json\/wp\/v2\/media?parent=17801"}],"curies":[{"name":"wp","href":"https:\/\/api.w.org\/{rel}","templated":true}]}}