{"id":21695,"date":"2025-05-08T14:34:18","date_gmt":"2025-05-08T12:34:18","guid":{"rendered":"https:\/\/keptrust.org\/llogarite-kep\/"},"modified":"2025-12-03T13:38:28","modified_gmt":"2025-12-03T12:38:28","slug":"llogarite-kep","status":"publish","type":"page","link":"https:\/\/keptrust.org\/sr\/llogarite-kep\/","title":{"rendered":"KEP ra\u010duni u bankama"},"content":{"rendered":"<h3>KEP ra\u010duni kod odgovaraju\u0107ih banaka<\/h3>\n<p>&nbsp;<\/p>\n<p>ProCredit Bank: 1110273653000135<\/p>\n<p>NLB banka: 1700200000050112<\/p>\n<p>TEB: 2011000014539370<\/p>\n<p>BPB: 1300271200165118<\/p>\n<p>Banka Ekonomike: 1401000000365287<\/p>\n<p>BKT: 1901536079031161<\/p>\n<p>Ziraat banka: 2200130100033037<\/p>\n<p>Raiffeisen banka: 1501090004387286<\/p>\n<p>PriBank: 2410130500000388<\/p>\n","protected":false},"excerpt":{"rendered":"<p>KEP ra\u010duni kod odgovaraju\u0107ih banaka &nbsp; ProCredit Bank: 1110273653000135 NLB banka: 1700200000050112 TEB: 2011000014539370 BPB: 1300271200165118 Banka Ekonomike: 1401000000365287 BKT: 1901536079031161 Ziraat banka: 2200130100033037 Raiffeisen banka: 1501090004387286 PriBank: 2410130500000388<\/p>\n","protected":false},"author":7,"featured_media":19463,"parent":0,"menu_order":0,"comment_status":"closed","ping_status":"closed","template":"","meta":{"_acf_changed":false,"footnotes":""},"class_list":["post-21695","page","type-page","status-publish","has-post-thumbnail","hentry"],"acf":[],"aioseo_notices":[],"_links":{"self":[{"href":"https:\/\/keptrust.org\/sr\/wp-json\/wp\/v2\/pages\/21695","targetHints":{"allow":["GET"]}}],"collection":[{"href":"https:\/\/keptrust.org\/sr\/wp-json\/wp\/v2\/pages"}],"about":[{"href":"https:\/\/keptrust.org\/sr\/wp-json\/wp\/v2\/types\/page"}],"author":[{"embeddable":true,"href":"https:\/\/keptrust.org\/sr\/wp-json\/wp\/v2\/users\/7"}],"replies":[{"embeddable":true,"href":"https:\/\/keptrust.org\/sr\/wp-json\/wp\/v2\/comments?post=21695"}],"version-history":[{"count":3,"href":"https:\/\/keptrust.org\/sr\/wp-json\/wp\/v2\/pages\/21695\/revisions"}],"predecessor-version":[{"id":21943,"href":"https:\/\/keptrust.org\/sr\/wp-json\/wp\/v2\/pages\/21695\/revisions\/21943"}],"wp:featuredmedia":[{"embeddable":true,"href":"https:\/\/keptrust.org\/sr\/wp-json\/wp\/v2\/media\/19463"}],"wp:attachment":[{"href":"https:\/\/keptrust.org\/sr\/wp-json\/wp\/v2\/media?parent=21695"}],"curies":[{"name":"wp","href":"https:\/\/api.w.org\/{rel}","templated":true}]}}